{"id":157,"date":"2025-06-12T09:44:56","date_gmt":"2025-06-12T09:44:56","guid":{"rendered":"https:\/\/dgsoluciones.es\/home\/"},"modified":"2026-01-21T10:39:41","modified_gmt":"2026-01-21T10:39:41","slug":"home","status":"publish","type":"page","link":"https:\/\/dgsoluciones.es\/es\/","title":{"rendered":"Home"},"content":{"rendered":"<div data-elementor-type=\"wp-page\" data-elementor-id=\"157\" class=\"elementor elementor-157\">\n\t\t\t\t<div class=\"elementor-element elementor-element-x11yj5mq twbb_section e-flex e-con-boxed e-con e-parent\" data-id=\"x11yj5mq\" data-element_type=\"container\" id=\"hero\">\n\t\t\t\t\t<div class=\"e-con-inner\">\n\t\t\t\t<div class=\"elementor-element elementor-element-w6ma451y elementor-widget__width-initial elementor-widget-mobile__width-inherit elementor-widget-tablet__width-initial twbb-headline--style-rotate elementor-widget elementor-widget-twbbanimated-headline\" data-id=\"w6ma451y\" data-element_type=\"widget\" data-settings=\"{&quot;headline_style&quot;:&quot;rotate&quot;,&quot;rotating_text&quot;:&quot;Innovative&quot;,&quot;animation_type&quot;:&quot;flip&quot;}\" data-widget_type=\"twbbanimated-headline.default\">\n\t\t\t\t<div class=\"elementor-widget-container\">\n\t\t\t\t\t    <h1 class=\"twbb-headline twbb-headline-animation-type-flip\">\n        <span class=\"twbb-headline-dynamic-wrapper twbb-headline-text-wrapper\"><\/span>\n          <span class=\"twbb-headline-plain-text twbb-headline-text-wrapper\"> innovadoras <em>para<\/em> tu empresa<\/span>\n        <\/h1>\n    \t\t\t\t<\/div>\n\t\t\t\t<\/div>\n\t\t\t\t<div class=\"elementor-element elementor-element-3gwjvw6f elementor-widget__width-initial elementor-widget-mobile__width-inherit elementor-widget-tablet__width-initial elementor-invisible elementor-widget elementor-widget-text-editor\" data-id=\"3gwjvw6f\" data-element_type=\"widget\" data-settings=\"{&quot;_animation&quot;:&quot;fadeInUp&quot;}\" data-widget_type=\"text-editor.default\">\n\t\t\t\t<div class=\"elementor-widget-container\">\n\t\t\t\t\t\t\t\t\t<p>DG Soluciones se dedica a desarrollar aplicaciones a medida que aprovechan tecnolog\u00edas punteras de inteligencia artificial, cloud y movilidad para impulsar la transformaci\u00f3n empresarial.<\/p>\t\t\t\t\t\t\t\t<\/div>\n\t\t\t\t<\/div>\n\t\t<div class=\"elementor-element elementor-element-1zhskuyj e-con-full e-flex e-con e-child\" data-id=\"1zhskuyj\" data-element_type=\"container\">\n\t\t\t\t<div class=\"elementor-element elementor-element-6bd2ei55 elementor-align-right elementor-mobile-align-center elementor-widget elementor-widget-button\" data-id=\"6bd2ei55\" data-element_type=\"widget\" data-widget_type=\"button.default\">\n\t\t\t\t<div class=\"elementor-widget-container\">\n\t\t\t\t\t\t\t\t\t<div class=\"elementor-button-wrapper\">\n\t\t\t\t\t<a class=\"elementor-button elementor-button-link elementor-size-sm\" href=\"#tech-focus\">\n\t\t\t\t\t\t<span class=\"elementor-button-content-wrapper\">\n\t\t\t\t\t\t\t\t\t<span class=\"elementor-button-text\">Con\u00f3cenos<\/span>\n\t\t\t\t\t<\/span>\n\t\t\t\t\t<\/a>\n\t\t\t\t<\/div>\n\t\t\t\t\t\t\t\t<\/div>\n\t\t\t\t<\/div>\n\t\t\t\t<\/div>\n\t\t\t\t<div class=\"elementor-element elementor-element-qlin22v1 elementor-widget__width-initial elementor-widget-mobile__width-inherit elementor-widget-tablet__width-initial elementor-widget elementor-widget-image\" data-id=\"qlin22v1\" data-element_type=\"widget\" data-widget_type=\"image.default\">\n\t\t\t\t<div class=\"elementor-widget-container\">\n\t\t\t\t\t\t\t\t\t\t\t\t\t\t\t<img fetchpriority=\"high\" decoding=\"async\" width=\"1024\" height=\"1024\" src=\"https:\/\/dgsoluciones.es\/wp-content\/uploads\/2026\/01\/image_3.webp\" class=\"attachment-full size-full wp-image-388\" alt=\"\" srcset=\"https:\/\/dgsoluciones.es\/wp-content\/uploads\/2026\/01\/image_3.webp 1024w, https:\/\/dgsoluciones.es\/wp-content\/uploads\/2026\/01\/image_3-300x300.webp 300w, https:\/\/dgsoluciones.es\/wp-content\/uploads\/2026\/01\/image_3-150x150.webp 150w, https:\/\/dgsoluciones.es\/wp-content\/uploads\/2026\/01\/image_3-768x768.webp 768w, https:\/\/dgsoluciones.es\/wp-content\/uploads\/2026\/01\/image_3-600x600.webp 600w\" sizes=\"(max-width: 1024px) 100vw, 1024px\" \/>\t\t\t\t\t\t\t\t\t\t\t\t\t\t\t<\/div>\n\t\t\t\t<\/div>\n\t\t\t\t\t<\/div>\n\t\t\t\t<\/div>\n\t\t<div class=\"elementor-element elementor-element-9l74qj82 twbb_section e-flex e-con-boxed e-con e-parent\" data-id=\"9l74qj82\" data-element_type=\"container\" id=\"about-us\">\n\t\t\t\t\t<div class=\"e-con-inner\">\n\t\t\t\t<div class=\"elementor-element elementor-element-32kmgt8e elementor-widget__width-initial elementor-widget-mobile__width-inherit elementor-widget-tablet__width-initial elementor-widget elementor-widget-image\" data-id=\"32kmgt8e\" data-element_type=\"widget\" data-widget_type=\"image.default\">\n\t\t\t\t<div class=\"elementor-widget-container\">\n\t\t\t\t\t\t\t\t\t\t\t\t\t\t\t<img decoding=\"async\" width=\"1024\" height=\"1024\" src=\"https:\/\/dgsoluciones.es\/wp-content\/uploads\/2026\/01\/image_6-1.webp\" class=\"attachment-full size-full wp-image-474\" alt=\"\" srcset=\"https:\/\/dgsoluciones.es\/wp-content\/uploads\/2026\/01\/image_6-1.webp 1024w, https:\/\/dgsoluciones.es\/wp-content\/uploads\/2026\/01\/image_6-1-300x300.webp 300w, https:\/\/dgsoluciones.es\/wp-content\/uploads\/2026\/01\/image_6-1-150x150.webp 150w, https:\/\/dgsoluciones.es\/wp-content\/uploads\/2026\/01\/image_6-1-768x768.webp 768w, https:\/\/dgsoluciones.es\/wp-content\/uploads\/2026\/01\/image_6-1-600x600.webp 600w\" sizes=\"(max-width: 1024px) 100vw, 1024px\" \/>\t\t\t\t\t\t\t\t\t\t\t\t\t\t\t<\/div>\n\t\t\t\t<\/div>\n\t\t<div class=\"elementor-element elementor-element-bcbe4pyx e-con-full e-flex e-con e-child\" data-id=\"bcbe4pyx\" data-element_type=\"container\">\n\t\t\t\t<div class=\"elementor-element elementor-element-empjpo3f elementor-widget__width-initial elementor-widget-mobile__width-inherit elementor-widget-tablet__width-initial elementor-invisible elementor-widget elementor-widget-heading\" data-id=\"empjpo3f\" data-element_type=\"widget\" data-settings=\"{&quot;_animation&quot;:&quot;fadeInUp&quot;}\" data-widget_type=\"heading.default\">\n\t\t\t\t<div class=\"elementor-widget-container\">\n\t\t\t\t\t<h2 class=\"elementor-heading-title elementor-size-default\">Nuestra trayectoria y compromiso<\/h2>\t\t\t\t<\/div>\n\t\t\t\t<\/div>\n\t\t\t\t<div class=\"elementor-element elementor-element-3yfwdt8f elementor-widget__width-initial elementor-widget-mobile__width-inherit elementor-widget-tablet__width-initial elementor-invisible elementor-widget elementor-widget-text-editor\" data-id=\"3yfwdt8f\" data-element_type=\"widget\" data-settings=\"{&quot;_animation&quot;:&quot;fadeInUp&quot;}\" data-widget_type=\"text-editor.default\">\n\t\t\t\t<div class=\"elementor-widget-container\">\n\t\t\t\t\t\t\t\t\t<p>En DG Soluciones ayudamos a las organizaciones a evolucionar mediante soluciones tecnol\u00f3gicas innovadoras. Nuestro equipo de especialistas aplica las tecnolog\u00edas m\u00e1s avanzadas para desarrollar software seguro, escalable y adaptado a los requisitos espec\u00edficos de cada negocio.<\/p>\t\t\t\t\t\t\t\t<\/div>\n\t\t\t\t<\/div>\n\t\t<div class=\"elementor-element elementor-element-1da8zax2 e-con-full e-flex e-con e-child\" data-id=\"1da8zax2\" data-element_type=\"container\">\n\t\t\t\t<div class=\"elementor-element elementor-element-94hz86p elementor-widget elementor-widget-text-editor\" data-id=\"94hz86p\" data-element_type=\"widget\" data-widget_type=\"text-editor.default\">\n\t\t\t\t<div class=\"elementor-widget-container\">\n\t\t\t\t\t\t\t\t\t<h4>M\u00e1s de 20 a\u00f1os liderando innovaci\u00f3n y crecimiento<\/h4>\t\t\t\t\t\t\t\t<\/div>\n\t\t\t\t<\/div>\n\t\t\t\t<\/div>\n\t\t\t\t<\/div>\n\t\t\t\t\t<\/div>\n\t\t\t\t<\/div>\n\t\t<div class=\"elementor-element elementor-element-n40yl2x8 twbb_section e-flex e-con-boxed e-con e-parent\" data-id=\"n40yl2x8\" data-element_type=\"container\" id=\"case-studies\">\n\t\t\t\t\t<div class=\"e-con-inner\">\n\t\t\t\t<div class=\"elementor-element elementor-element-9qaj7mpy elementor-widget__width-initial elementor-widget-mobile__width-inherit elementor-widget-tablet__width-initial elementor-widget elementor-widget-image\" data-id=\"9qaj7mpy\" data-element_type=\"widget\" data-widget_type=\"image.default\">\n\t\t\t\t<div class=\"elementor-widget-container\">\n\t\t\t\t\t\t\t\t\t\t\t\t\t\t\t<img decoding=\"async\" width=\"1024\" height=\"1024\" src=\"https:\/\/dgsoluciones.es\/wp-content\/uploads\/2026\/01\/image_6.webp\" class=\"attachment-full size-full wp-image-409\" alt=\"\" srcset=\"https:\/\/dgsoluciones.es\/wp-content\/uploads\/2026\/01\/image_6.webp 1024w, https:\/\/dgsoluciones.es\/wp-content\/uploads\/2026\/01\/image_6-300x300.webp 300w, https:\/\/dgsoluciones.es\/wp-content\/uploads\/2026\/01\/image_6-150x150.webp 150w, https:\/\/dgsoluciones.es\/wp-content\/uploads\/2026\/01\/image_6-768x768.webp 768w, https:\/\/dgsoluciones.es\/wp-content\/uploads\/2026\/01\/image_6-600x600.webp 600w\" sizes=\"(max-width: 1024px) 100vw, 1024px\" \/>\t\t\t\t\t\t\t\t\t\t\t\t\t\t\t<\/div>\n\t\t\t\t<\/div>\n\t\t<div class=\"elementor-element elementor-element-8orp6hm2 e-flex e-con-boxed e-con e-child\" data-id=\"8orp6hm2\" data-element_type=\"container\">\n\t\t\t\t\t<div class=\"e-con-inner\">\n\t\t<div class=\"elementor-element elementor-element-f4t5yowq e-con-full e-flex e-con e-child\" data-id=\"f4t5yowq\" data-element_type=\"container\">\n\t\t\t\t<div class=\"elementor-element elementor-element-8p69ksmv elementor-invisible elementor-widget elementor-widget-heading\" data-id=\"8p69ksmv\" data-element_type=\"widget\" data-settings=\"{&quot;_animation&quot;:&quot;fadeInUp&quot;}\" data-widget_type=\"heading.default\">\n\t\t\t\t<div class=\"elementor-widget-container\">\n\t\t\t\t\t<h1 class=\"elementor-heading-title elementor-size-default\">Una historia de \u00e9xito<\/h1>\t\t\t\t<\/div>\n\t\t\t\t<\/div>\n\t\t\t\t<div class=\"elementor-element elementor-element-ycukkvz3 elementor-invisible elementor-widget elementor-widget-text-editor\" data-id=\"ycukkvz3\" data-element_type=\"widget\" data-settings=\"{&quot;_animation&quot;:&quot;fadeInUp&quot;}\" data-widget_type=\"text-editor.default\">\n\t\t\t\t<div class=\"elementor-widget-container\">\n\t\t\t\t\t\t\t\t\t<p><style>\na {<br \/>\n    text-decoration: none;<br \/>\n    color: #464feb;<br \/>\n}<br \/>\ntr th, tr td {<br \/>\n    border: 1px solid #e6e6e6;<br \/>\n}<br \/>\ntr th {<br \/>\n    background-color: #f5f5f5;<br \/>\n}<br \/>\n<\/style><\/p><div><style>\na {<br \/>\n    text-decoration: none;<br \/>\n    color: #464feb;<br \/>\n}<br \/>\ntr th, tr td {<br \/>\n    border: 1px solid #e6e6e6;<br \/>\n}<br \/>\ntr th {<br \/>\n    background-color: #f5f5f5;<br \/>\n}<br \/>\n<\/style><div>DG Soluciones impulsa a las empresas mediante soluciones IT innovadoras, combinando tecnolog\u00eda de vanguardia y experiencia consolidada para obtener resultados medibles, mejorar la eficiencia y superar de forma constante las expectativas de los clientes en distintos sectores.<\/div><\/div>\t\t\t\t\t\t\t\t<\/div>\n\t\t\t\t<\/div>\n\t\t\t\t<\/div>\n\t\t<div class=\"elementor-element elementor-element-604zhu3s e-con-full e-grid e-con e-child\" data-id=\"604zhu3s\" data-element_type=\"container\">\n\t\t<div class=\"elementor-element elementor-element-k5z5yd41 e-con-full e-flex e-con e-child\" data-id=\"k5z5yd41\" data-element_type=\"container\">\n\t\t\t\t<div class=\"elementor-element elementor-element-8jf3zfoy elementor-invisible elementor-widget elementor-widget-heading\" data-id=\"8jf3zfoy\" data-element_type=\"widget\" data-settings=\"{&quot;_animation&quot;:&quot;fadeInUp&quot;}\" data-widget_type=\"heading.default\">\n\t\t\t\t<div class=\"elementor-widget-container\">\n\t\t\t\t\t<h5 class=\"elementor-heading-title elementor-size-default\">Soluciones de Inteligencia Artificial<\/h5>\t\t\t\t<\/div>\n\t\t\t\t<\/div>\n\t\t\t\t<div class=\"elementor-element elementor-element-cb45kjuk elementor-invisible elementor-widget elementor-widget-text-editor\" data-id=\"cb45kjuk\" data-element_type=\"widget\" data-settings=\"{&quot;_animation&quot;:&quot;fadeInUp&quot;}\" data-widget_type=\"text-editor.default\">\n\t\t\t\t<div class=\"elementor-widget-container\">\n\t\t\t\t\t\t\t\t\t<p>Soluciones de inteligencia artificial dise\u00f1adas para automatizar procesos, optimizar el rendimiento y fomentar un crecimiento escalable en empresas de IT.\u00a0<\/p>\t\t\t\t\t\t\t\t<\/div>\n\t\t\t\t<\/div>\n\t\t\t\t<\/div>\n\t\t<div class=\"elementor-element elementor-element-swo7q52h e-con-full e-flex e-con e-child\" data-id=\"swo7q52h\" data-element_type=\"container\">\n\t\t\t\t<div class=\"elementor-element elementor-element-dl8jh6qe elementor-invisible elementor-widget elementor-widget-heading\" data-id=\"dl8jh6qe\" data-element_type=\"widget\" data-settings=\"{&quot;_animation&quot;:&quot;fadeInUp&quot;}\" data-widget_type=\"heading.default\">\n\t\t\t\t<div class=\"elementor-widget-container\">\n\t\t\t\t\t<h5 class=\"elementor-heading-title elementor-size-default\">Servicios de migraci\u00f3n a la nube<\/h5>\t\t\t\t<\/div>\n\t\t\t\t<\/div>\n\t\t\t\t<div class=\"elementor-element elementor-element-43xahzpx elementor-invisible elementor-widget elementor-widget-text-editor\" data-id=\"43xahzpx\" data-element_type=\"widget\" data-settings=\"{&quot;_animation&quot;:&quot;fadeInUp&quot;}\" data-widget_type=\"text-editor.default\">\n\t\t\t\t<div class=\"elementor-widget-container\">\n\t\t\t\t\t\t\t\t\t<p>CHANGE THIS!!!<\/p><p>Securely migrating legacy systems to cloud environments, ensuring data integrity and accessibility.<\/p>\t\t\t\t\t\t\t\t<\/div>\n\t\t\t\t<\/div>\n\t\t\t\t<\/div>\n\t\t<div class=\"elementor-element elementor-element-mxxefma9 e-con-full e-flex e-con e-child\" data-id=\"mxxefma9\" data-element_type=\"container\">\n\t\t\t\t<div class=\"elementor-element elementor-element-i72sorwb elementor-invisible elementor-widget elementor-widget-heading\" data-id=\"i72sorwb\" data-element_type=\"widget\" data-settings=\"{&quot;_animation&quot;:&quot;fadeInUp&quot;}\" data-widget_type=\"heading.default\">\n\t\t\t\t<div class=\"elementor-widget-container\">\n\t\t\t\t\t<h5 class=\"elementor-heading-title elementor-size-default\">Aplicaciones m\u00f3viles<\/h5>\t\t\t\t<\/div>\n\t\t\t\t<\/div>\n\t\t\t\t<div class=\"elementor-element elementor-element-3wq2fkpl elementor-invisible elementor-widget elementor-widget-text-editor\" data-id=\"3wq2fkpl\" data-element_type=\"widget\" data-settings=\"{&quot;_animation&quot;:&quot;fadeInUp&quot;}\" data-widget_type=\"text-editor.default\">\n\t\t\t\t<div class=\"elementor-widget-container\">\n\t\t\t\t\t\t\t\t\t<p>CHANGE THIS!!!<\/p><p>A user-friendly application developed to simplify form filling by automating data entry, reducing manual effort, and ensuring fast, accurate submissions across devices.<\/p>\t\t\t\t\t\t\t\t<\/div>\n\t\t\t\t<\/div>\n\t\t\t\t<\/div>\n\t\t\t\t<\/div>\n\t\t\t\t\t<\/div>\n\t\t\t\t<\/div>\n\t\t\t\t\t<\/div>\n\t\t\t\t<\/div>\n\t\t<div class=\"elementor-element elementor-element-36a83423 e-con-full e-flex e-con e-child\" data-id=\"36a83423\" data-element_type=\"container\" id=\"tech-focus\" data-settings=\"{&quot;background_background&quot;:&quot;classic&quot;}\">\n\t\t<div class=\"elementor-element elementor-element-ad5c42e twbb_section e-flex e-con-boxed e-con e-child\" data-id=\"ad5c42e\" data-element_type=\"container\" data-settings=\"{&quot;background_background&quot;:&quot;classic&quot;}\">\n\t\t\t\t\t<div class=\"e-con-inner\">\n\t\t<div class=\"elementor-element elementor-element-293c540 e-con-full e-flex e-con e-child\" data-id=\"293c540\" data-element_type=\"container\">\n\t\t\t\t<div class=\"elementor-element elementor-element-a88c3a5 elementor-widget__width-initial elementor-widget-mobile__width-inherit elementor-widget-tablet__width-initial elementor-invisible elementor-widget elementor-widget-heading\" data-id=\"a88c3a5\" data-element_type=\"widget\" data-settings=\"{&quot;_animation&quot;:&quot;fadeInUp&quot;}\" data-widget_type=\"heading.default\">\n\t\t\t\t<div class=\"elementor-widget-container\">\n\t\t\t\t\t<h2 class=\"elementor-heading-title elementor-size-default translation-block\">Tecnolog\u00edas en las que nos especializamos: IA, cloud y soluciones m\u00f3viles<\/h2>\t\t\t\t<\/div>\n\t\t\t\t<\/div>\n\t\t\t\t<div class=\"elementor-element elementor-element-dfe51eb elementor-widget__width-initial elementor-widget-mobile__width-inherit elementor-widget-tablet__width-initial elementor-invisible elementor-widget elementor-widget-text-editor\" data-id=\"dfe51eb\" data-element_type=\"widget\" data-settings=\"{&quot;_animation&quot;:&quot;fadeInUp&quot;}\" data-widget_type=\"text-editor.default\">\n\t\t\t\t<div class=\"elementor-widget-container\">\n\t\t\t\t\t\t\t\t\t<p>En DG Soluciones utilizamos las tecnolog\u00edas m\u00e1s avanzadas para ofrecer soluciones inteligentes y eficaces. Nuestra experiencia en inteligencia artificial, cloud computing y tecnolog\u00edas m\u00f3viles nos permite optimizar tus procesos empresariales y proporcionarte una ventaja competitiva. Adem\u00e1s, nos comprometemos a mantenerte al d\u00eda con las tecnolog\u00edas emergentes para adaptarnos a tus necesidades cambiantes.<\/p>\t\t\t\t\t\t\t\t<\/div>\n\t\t\t\t<\/div>\n\t\t\t\t<\/div>\n\t\t\t\t\t<\/div>\n\t\t\t\t<\/div>\n\t\t<div class=\"elementor-element elementor-element-f962d1b e-grid e-con-boxed e-con e-child\" data-id=\"f962d1b\" data-element_type=\"container\" data-settings=\"{&quot;background_background&quot;:&quot;classic&quot;}\">\n\t\t\t\t\t<div class=\"e-con-inner\">\n\t\t<div class=\"elementor-element elementor-element-1c2ded4 e-grid e-con-full e-con e-child\" data-id=\"1c2ded4\" data-element_type=\"container\">\n\t\t\t\t<div class=\"elementor-element elementor-element-7dd4f40 elementor-widget elementor-widget-image\" data-id=\"7dd4f40\" data-element_type=\"widget\" data-widget_type=\"image.default\">\n\t\t\t\t<div class=\"elementor-widget-container\">\n\t\t\t\t\t\t\t\t\t\t\t\t\t\t\t<img loading=\"lazy\" decoding=\"async\" width=\"640\" height=\"480\" src=\"https:\/\/dgsoluciones.es\/wp-content\/uploads\/2025\/06\/tenweb_media_r2rhbg3z5.webp\" class=\"attachment-large size-large wp-image-127\" alt=\"\" srcset=\"https:\/\/dgsoluciones.es\/wp-content\/uploads\/2025\/06\/tenweb_media_r2rhbg3z5.webp 1365w, https:\/\/dgsoluciones.es\/wp-content\/uploads\/2025\/06\/tenweb_media_r2rhbg3z5-768x576.webp 768w\" sizes=\"(max-width: 640px) 100vw, 640px\" \/>\t\t\t\t\t\t\t\t\t\t\t\t\t\t\t<\/div>\n\t\t\t\t<\/div>\n\t\t\t\t<div class=\"elementor-element elementor-element-29b54b0 elementor-widget elementor-widget-text-editor\" data-id=\"29b54b0\" data-element_type=\"widget\" data-widget_type=\"text-editor.default\">\n\t\t\t\t<div class=\"elementor-widget-container\">\n\t\t\t\t\t\t\t\t\t<p>Desarrollamos soluciones de software a medida adaptadas a las necesidades de tu negocio, garantizando una integraci\u00f3n fluida y escalabilidad. Nuestro enfoque asegura que el software se ajuste perfectamente a los requisitos operativos de tu empresa.<\/p>\t\t\t\t\t\t\t\t<\/div>\n\t\t\t\t<\/div>\n\t\t\t\t<\/div>\n\t\t<div class=\"elementor-element elementor-element-71707c2 e-grid e-con-full e-con e-child\" data-id=\"71707c2\" data-element_type=\"container\">\n\t\t\t\t<div class=\"elementor-element elementor-element-e012c22 elementor-widget elementor-widget-image\" data-id=\"e012c22\" data-element_type=\"widget\" data-widget_type=\"image.default\">\n\t\t\t\t<div class=\"elementor-widget-container\">\n\t\t\t\t\t\t\t\t\t\t\t\t\t\t\t<img decoding=\"async\" src=\"https:\/\/dgsoluciones.es\/wp-content\/uploads\/2025\/06\/tenweb_media_rvrqkmlv4.webp\" title=\"\" alt=\"\" loading=\"lazy\" \/>\t\t\t\t\t\t\t\t\t\t\t\t\t\t\t<\/div>\n\t\t\t\t<\/div>\n\t\t\t\t<div class=\"elementor-element elementor-element-7f40878 elementor-widget elementor-widget-text-editor\" data-id=\"7f40878\" data-element_type=\"widget\" data-widget_type=\"text-editor.default\">\n\t\t\t\t<div class=\"elementor-widget-container\">\n\t\t\t\t\t\t\t\t\t<p>Nuestras aplicaciones impulsadas por inteligencia artificial automatizan procesos, analizan datos y ofrecen informaci\u00f3n inteligente para mejorar la toma de decisiones. Descubre el potencial de la IA para transformar las operaciones de tu empresa y optimizar la eficiencia.<\/p>\t\t\t\t\t\t\t\t<\/div>\n\t\t\t\t<\/div>\n\t\t\t\t<\/div>\n\t\t<div class=\"elementor-element elementor-element-8dec647 e-grid e-con-full e-con e-child\" data-id=\"8dec647\" data-element_type=\"container\">\n\t\t\t\t<div class=\"elementor-element elementor-element-9788445 elementor-widget elementor-widget-image\" data-id=\"9788445\" data-element_type=\"widget\" data-widget_type=\"image.default\">\n\t\t\t\t<div class=\"elementor-widget-container\">\n\t\t\t\t\t\t\t\t\t\t\t\t\t\t\t<img loading=\"lazy\" decoding=\"async\" width=\"640\" height=\"480\" src=\"https:\/\/dgsoluciones.es\/wp-content\/uploads\/2026\/01\/image_2-1.webp\" class=\"attachment-large size-large wp-image-384\" alt=\"\" srcset=\"https:\/\/dgsoluciones.es\/wp-content\/uploads\/2026\/01\/image_2-1.webp 1024w, https:\/\/dgsoluciones.es\/wp-content\/uploads\/2026\/01\/image_2-1-300x225.webp 300w, https:\/\/dgsoluciones.es\/wp-content\/uploads\/2026\/01\/image_2-1-768x576.webp 768w, https:\/\/dgsoluciones.es\/wp-content\/uploads\/2026\/01\/image_2-1-600x450.webp 600w\" sizes=\"(max-width: 640px) 100vw, 640px\" \/>\t\t\t\t\t\t\t\t\t\t\t\t\t\t\t<\/div>\n\t\t\t\t<\/div>\n\t\t\t\t<div class=\"elementor-element elementor-element-c97294d elementor-widget elementor-widget-text-editor\" data-id=\"c97294d\" data-element_type=\"widget\" data-widget_type=\"text-editor.default\">\n\t\t\t\t<div class=\"elementor-widget-container\">\n\t\t\t\t\t\t\t\t\t<p>Nuestro equipo desarrolla aplicaciones m\u00f3viles innovadoras para iOS y Android, dise\u00f1adas para ofrecer una experiencia de usuario \u00f3ptima y favorecer el crecimiento del negocio, garantizando compatibilidad multiplataforma.<\/p>\t\t\t\t\t\t\t\t<\/div>\n\t\t\t\t<\/div>\n\t\t\t\t<\/div>\n\t\t\t\t\t<\/div>\n\t\t\t\t<\/div>\n\t\t\t\t<\/div>\n\t\t\t\t<\/div>","protected":false},"excerpt":{"rendered":"<p>IT Solutions for Your Business DG Soluciones is dedicated to creating customised applications that leverage cutting-edge AI, cloud, and mobile technologies to drive business transformation. Get to know us Our Journey &amp; Mission At DG Soluciones, we are dedicated to transforming your business through innovative IT solutions. Our team of experts leverages the latest technologies [&hellip;]<\/p>","protected":false},"author":0,"featured_media":0,"parent":0,"menu_order":0,"comment_status":"closed","ping_status":"publish","template":"","meta":{"two_page_speed":{"current_score":{"desktop_score":99,"desktop_tti":"0.5\u00a0","mobile_score":99,"mobile_tti":"2.2\u00a0","date":"23.01.2026 09:49:21 am","status":"completed"}},"footnotes":""},"class_list":["post-157","page","type-page","status-publish","hentry"],"_links":{"self":[{"href":"https:\/\/dgsoluciones.es\/es\/wp-json\/wp\/v2\/pages\/157","targetHints":{"allow":["GET"]}}],"collection":[{"href":"https:\/\/dgsoluciones.es\/es\/wp-json\/wp\/v2\/pages"}],"about":[{"href":"https:\/\/dgsoluciones.es\/es\/wp-json\/wp\/v2\/types\/page"}],"replies":[{"embeddable":true,"href":"https:\/\/dgsoluciones.es\/es\/wp-json\/wp\/v2\/comments?post=157"}],"version-history":[{"count":0,"href":"https:\/\/dgsoluciones.es\/es\/wp-json\/wp\/v2\/pages\/157\/revisions"}],"wp:attachment":[{"href":"https:\/\/dgsoluciones.es\/es\/wp-json\/wp\/v2\/media?parent=157"}],"curies":[{"name":"wp","href":"https:\/\/api.w.org\/{rel}","templated":true}]}}